{"id":294,"date":"2016-10-06T03:56:06","date_gmt":"2016-10-05T19:56:06","guid":{"rendered":"http:\/\/demowp.cththemes.net\/diopter\/?page_id=294"},"modified":"2024-10-24T15:56:30","modified_gmt":"2024-10-24T13:56:30","slug":"contacts","status":"publish","type":"page","link":"https:\/\/excursionstaxi.com\/ro\/contacts\/","title":{"rendered":"Contacteaz\u0103-ne"},"content":{"rendered":"<div data-elementor-type=\"wp-post\" data-elementor-id=\"294\" class=\"elementor elementor-294\" data-elementor-post-type=\"page\">\n\t\t\t\t\t\t<section data-particle_enable=\"false\" data-particle-mobile-disabled=\"false\" class=\"elementor-section elementor-top-section elementor-element elementor-element-d243dfa pad-bot-50 elementor-section-boxed elementor-section-height-default elementor-section-height-default\" data-id=\"d243dfa\" data-element_type=\"section\">\n\t\t\t\t\t\t<div class=\"elementor-container elementor-column-gap-wide\">\n\t\t\t\t\t<div class=\"elementor-column elementor-col-33 elementor-top-column elementor-element elementor-element-fd5ce14\" data-id=\"fd5ce14\" data-element_type=\"column\">\n\t\t\t<div class=\"elementor-widget-wrap elementor-element-populated\">\n\t\t\t\t\t\t<div class=\"elementor-element elementor-element-6cee528 elementor-widget elementor-widget-section_titleleft\" data-id=\"6cee528\" data-element_type=\"widget\" data-widget_type=\"section_titleleft.default\">\n\t\t\t\t<div class=\"elementor-widget-container\">\n\t\t\t\t\t        <div class=\"ab_text-title fl-wrap\">\n            <h3>Intra\u021bi \u00een leg\u0103tur\u0103<\/h3><span class=\"section-separator fl-sec-sep\"><\/span>        <\/div>\n        \t\t\t\t<\/div>\n\t\t\t\t<\/div>\n\t\t\t\t<div class=\"elementor-element elementor-element-9ee57ee contact-infos-widget elementor-widget elementor-widget-text-editor\" data-id=\"9ee57ee\" data-element_type=\"widget\" data-widget_type=\"text-editor.default\">\n\t\t\t\t<div class=\"elementor-widget-container\">\n\t\t\t\t\t\t\t\t\t<ul class=\"no-list-style contact-infos\"><li><span class=\"no-rep\"><i class=\"fal fa-map-marker\"><\/i> Abordare : <a href=\"https:\/\/maps.app.goo.gl\/DKJgWUgqrKK7aBsj9\">Hurghada City &#8211; Provience of Red Sea &#8211; Egypt<\/a><\/span><\/li><li><span class=\"no-rep\"><i class=\"fal fa-phone\"><\/i> Telefon: <\/span><a href=\"tel: 20 122 095 5104\" target=\"_blank\" rel=\"noopener\">+20 12 7187 8718<\/a><\/li><li><span class=\"no-rep\"><i class=\"fal fa-envelope\"><\/i> Mail:\u00a0<\/span><a href=\"#\">reservation@excursionstaxi.com<\/a><\/li><\/ul><ul class=\"no-list-style contact-socials\"><li><a href=\"https:\/\/www.facebook.com\/groups\/\/\" target=\"_blank\" rel=\"noopener\"><i class=\"fab fa-facebook-f\"><\/i><\/a><\/li><li><a href=\"#\" target=\"_blank\" rel=\"noopener\"><i class=\"fab fa-twitter\"><\/i><\/a><\/li><li><a href=\"#\" target=\"_blank\" rel=\"noopener\"><i class=\"fab fa-instagram\"><\/i><\/a><\/li><\/ul>\t\t\t\t\t\t\t\t<\/div>\n\t\t\t\t<\/div>\n\t\t\t\t\t<\/div>\n\t\t<\/div>\n\t\t\t\t<div class=\"elementor-column elementor-col-66 elementor-top-column elementor-element elementor-element-bf53b92\" data-id=\"bf53b92\" data-element_type=\"column\">\n\t\t\t<div class=\"elementor-widget-wrap elementor-element-populated\">\n\t\t\t\t\t\t<div class=\"elementor-element elementor-element-917aae0 elementor-widget elementor-widget-google_maps\" data-id=\"917aae0\" data-element_type=\"widget\" data-widget_type=\"google_maps.default\">\n\t\t\t\t<div class=\"elementor-widget-container\">\n\t\t\t\t\t\t\t<div class=\"elementor-custom-embed\">\n\t\t\t<iframe loading=\"lazy\"\n\t\t\t\t\tsrc=\"https:\/\/maps.google.com\/maps?q=hurghada&#038;t=m&#038;z=15&#038;output=embed&#038;iwloc=near\"\n\t\t\t\t\ttitle=\"hurghada\"\n\t\t\t\t\taria-label=\"hurghada\"\n\t\t\t><\/iframe>\n\t\t<\/div>\n\t\t\t\t\t\t<\/div>\n\t\t\t\t<\/div>\n\t\t\t\t\t<\/div>\n\t\t<\/div>\n\t\t\t\t\t<\/div>\n\t\t<\/section>\n\t\t\t\t<\/div>","protected":false},"excerpt":{"rendered":"<p>Get in Touch Address : Hurghada City &#8211; Provience of Red Sea &#8211; Egypt Phone : +20 12 7187 8718 Mail:\u00a0reservation@excursionstaxi.com<\/p>","protected":false},"author":1,"featured_media":17857,"parent":0,"menu_order":0,"comment_status":"closed","ping_status":"closed","template":"page-fullwidth.php","meta":{"footnotes":""},"class_list":["post-294","page","type-page","status-publish","has-post-thumbnail","hentry"],"yoast_head":"<!-- This site is optimized with the Yoast SEO plugin v25.2 - https:\/\/yoast.com\/wordpress\/plugins\/seo\/ -->\n<title>Contact Us - Excursions Taxi<\/title>\n<meta name=\"robots\" content=\"index, follow, max-snippet:-1, max-image-preview:large, max-video-preview:-1\" \/>\n<link rel=\"canonical\" href=\"https:\/\/excursionstaxi.com\/ro\/contacts\/\" \/>\n<meta property=\"og:locale\" content=\"ro_RO\" \/>\n<meta property=\"og:type\" content=\"article\" \/>\n<meta property=\"og:title\" content=\"Contact Us - Excursions Taxi\" \/>\n<meta property=\"og:description\" content=\"Get in Touch Address : Hurghada City &#8211; Provience of Red Sea &#8211; Egypt Phone : +20 12 7187 8718 Mail:\u00a0reservation@excursionstaxi.com\" \/>\n<meta property=\"og:url\" content=\"https:\/\/excursionstaxi.com\/ro\/contacts\/\" \/>\n<meta property=\"og:site_name\" content=\"Excursions Taxi\" \/>\n<meta property=\"article:modified_time\" content=\"2024-10-24T13:56:30+00:00\" \/>\n<meta property=\"og:image\" content=\"https:\/\/excursionstaxi.com\/wp-content\/uploads\/2022\/05\/contact-us.jpg\" \/>\n\t<meta property=\"og:image:width\" content=\"1000\" \/>\n\t<meta property=\"og:image:height\" content=\"291\" \/>\n\t<meta property=\"og:image:type\" content=\"image\/jpeg\" \/>\n<meta name=\"twitter:card\" content=\"summary_large_image\" \/>\n<script type=\"application\/ld+json\" class=\"yoast-schema-graph\">{\"@context\":\"https:\/\/schema.org\",\"@graph\":[{\"@type\":\"WebPage\",\"@id\":\"https:\/\/excursionstaxi.com\/contacts\/\",\"url\":\"https:\/\/excursionstaxi.com\/contacts\/\",\"name\":\"Contact Us - Excursions Taxi\",\"isPartOf\":{\"@id\":\"https:\/\/excursionstaxi.com\/#website\"},\"primaryImageOfPage\":{\"@id\":\"https:\/\/excursionstaxi.com\/contacts\/#primaryimage\"},\"image\":{\"@id\":\"https:\/\/excursionstaxi.com\/contacts\/#primaryimage\"},\"thumbnailUrl\":\"https:\/\/excursionstaxi.com\/wp-content\/uploads\/2022\/05\/contact-us.jpg\",\"datePublished\":\"2016-10-05T19:56:06+00:00\",\"dateModified\":\"2024-10-24T13:56:30+00:00\",\"breadcrumb\":{\"@id\":\"https:\/\/excursionstaxi.com\/contacts\/#breadcrumb\"},\"inLanguage\":\"ro-RO\",\"potentialAction\":[{\"@type\":\"ReadAction\",\"target\":[\"https:\/\/excursionstaxi.com\/contacts\/\"]}]},{\"@type\":\"ImageObject\",\"inLanguage\":\"ro-RO\",\"@id\":\"https:\/\/excursionstaxi.com\/contacts\/#primaryimage\",\"url\":\"https:\/\/excursionstaxi.com\/wp-content\/uploads\/2022\/05\/contact-us.jpg\",\"contentUrl\":\"https:\/\/excursionstaxi.com\/wp-content\/uploads\/2022\/05\/contact-us.jpg\",\"width\":1000,\"height\":291},{\"@type\":\"BreadcrumbList\",\"@id\":\"https:\/\/excursionstaxi.com\/contacts\/#breadcrumb\",\"itemListElement\":[{\"@type\":\"ListItem\",\"position\":1,\"name\":\"Home\",\"item\":\"https:\/\/excursionstaxi.com\/\"},{\"@type\":\"ListItem\",\"position\":2,\"name\":\"Contact Us\"}]},{\"@type\":\"WebSite\",\"@id\":\"https:\/\/excursionstaxi.com\/#website\",\"url\":\"https:\/\/excursionstaxi.com\/\",\"name\":\"Excursions Taxi\",\"description\":\"Book Tours, Apartments, Restaurants, or a Transfer\",\"publisher\":{\"@id\":\"https:\/\/excursionstaxi.com\/#organization\"},\"potentialAction\":[{\"@type\":\"SearchAction\",\"target\":{\"@type\":\"EntryPoint\",\"urlTemplate\":\"https:\/\/excursionstaxi.com\/?s={search_term_string}\"},\"query-input\":{\"@type\":\"PropertyValueSpecification\",\"valueRequired\":true,\"valueName\":\"search_term_string\"}}],\"inLanguage\":\"ro-RO\"},{\"@type\":\"Organization\",\"@id\":\"https:\/\/excursionstaxi.com\/#organization\",\"name\":\"Top Trips Egypt\",\"url\":\"https:\/\/excursionstaxi.com\/\",\"logo\":{\"@type\":\"ImageObject\",\"inLanguage\":\"ro-RO\",\"@id\":\"https:\/\/excursionstaxi.com\/#\/schema\/logo\/image\/\",\"url\":\"https:\/\/toptripsegypt.com\/wp-content\/uploads\/2022\/05\/logo-triangle.png\",\"contentUrl\":\"https:\/\/toptripsegypt.com\/wp-content\/uploads\/2022\/05\/logo-triangle.png\",\"width\":762,\"height\":231,\"caption\":\"Top Trips Egypt\"},\"image\":{\"@id\":\"https:\/\/excursionstaxi.com\/#\/schema\/logo\/image\/\"}}]}<\/script>\n<!-- \/ Yoast SEO plugin. -->","yoast_head_json":{"title":"Contact Us - Excursions Taxi","robots":{"index":"index","follow":"follow","max-snippet":"max-snippet:-1","max-image-preview":"max-image-preview:large","max-video-preview":"max-video-preview:-1"},"canonical":"https:\/\/excursionstaxi.com\/ro\/contacts\/","og_locale":"ro_RO","og_type":"article","og_title":"Contact Us - Excursions Taxi","og_description":"Get in Touch Address : Hurghada City &#8211; Provience of Red Sea &#8211; Egypt Phone : +20 12 7187 8718 Mail:\u00a0reservation@excursionstaxi.com","og_url":"https:\/\/excursionstaxi.com\/ro\/contacts\/","og_site_name":"Excursions Taxi","article_modified_time":"2024-10-24T13:56:30+00:00","og_image":[{"width":1000,"height":291,"url":"https:\/\/excursionstaxi.com\/wp-content\/uploads\/2022\/05\/contact-us.jpg","type":"image\/jpeg"}],"twitter_card":"summary_large_image","schema":{"@context":"https:\/\/schema.org","@graph":[{"@type":"WebPage","@id":"https:\/\/excursionstaxi.com\/contacts\/","url":"https:\/\/excursionstaxi.com\/contacts\/","name":"Contact Us - Excursions Taxi","isPartOf":{"@id":"https:\/\/excursionstaxi.com\/#website"},"primaryImageOfPage":{"@id":"https:\/\/excursionstaxi.com\/contacts\/#primaryimage"},"image":{"@id":"https:\/\/excursionstaxi.com\/contacts\/#primaryimage"},"thumbnailUrl":"https:\/\/excursionstaxi.com\/wp-content\/uploads\/2022\/05\/contact-us.jpg","datePublished":"2016-10-05T19:56:06+00:00","dateModified":"2024-10-24T13:56:30+00:00","breadcrumb":{"@id":"https:\/\/excursionstaxi.com\/contacts\/#breadcrumb"},"inLanguage":"ro-RO","potentialAction":[{"@type":"ReadAction","target":["https:\/\/excursionstaxi.com\/contacts\/"]}]},{"@type":"ImageObject","inLanguage":"ro-RO","@id":"https:\/\/excursionstaxi.com\/contacts\/#primaryimage","url":"https:\/\/excursionstaxi.com\/wp-content\/uploads\/2022\/05\/contact-us.jpg","contentUrl":"https:\/\/excursionstaxi.com\/wp-content\/uploads\/2022\/05\/contact-us.jpg","width":1000,"height":291},{"@type":"BreadcrumbList","@id":"https:\/\/excursionstaxi.com\/contacts\/#breadcrumb","itemListElement":[{"@type":"ListItem","position":1,"name":"Home","item":"https:\/\/excursionstaxi.com\/"},{"@type":"ListItem","position":2,"name":"Contact Us"}]},{"@type":"WebSite","@id":"https:\/\/excursionstaxi.com\/#website","url":"https:\/\/excursionstaxi.com\/","name":"Excursions Taxi","description":"Book Tours, Apartments, Restaurants, or a Transfer","publisher":{"@id":"https:\/\/excursionstaxi.com\/#organization"},"potentialAction":[{"@type":"SearchAction","target":{"@type":"EntryPoint","urlTemplate":"https:\/\/excursionstaxi.com\/?s={search_term_string}"},"query-input":{"@type":"PropertyValueSpecification","valueRequired":true,"valueName":"search_term_string"}}],"inLanguage":"ro-RO"},{"@type":"Organization","@id":"https:\/\/excursionstaxi.com\/#organization","name":"Top Trips Egypt","url":"https:\/\/excursionstaxi.com\/","logo":{"@type":"ImageObject","inLanguage":"ro-RO","@id":"https:\/\/excursionstaxi.com\/#\/schema\/logo\/image\/","url":"https:\/\/toptripsegypt.com\/wp-content\/uploads\/2022\/05\/logo-triangle.png","contentUrl":"https:\/\/toptripsegypt.com\/wp-content\/uploads\/2022\/05\/logo-triangle.png","width":762,"height":231,"caption":"Top Trips Egypt"},"image":{"@id":"https:\/\/excursionstaxi.com\/#\/schema\/logo\/image\/"}}]}},"_links":{"self":[{"href":"https:\/\/excursionstaxi.com\/ro\/wp-json\/wp\/v2\/pages\/294","targetHints":{"allow":["GET"]}}],"collection":[{"href":"https:\/\/excursionstaxi.com\/ro\/wp-json\/wp\/v2\/pages"}],"about":[{"href":"https:\/\/excursionstaxi.com\/ro\/wp-json\/wp\/v2\/types\/page"}],"author":[{"embeddable":true,"href":"https:\/\/excursionstaxi.com\/ro\/wp-json\/wp\/v2\/users\/1"}],"replies":[{"embeddable":true,"href":"https:\/\/excursionstaxi.com\/ro\/wp-json\/wp\/v2\/comments?post=294"}],"version-history":[{"count":55,"href":"https:\/\/excursionstaxi.com\/ro\/wp-json\/wp\/v2\/pages\/294\/revisions"}],"predecessor-version":[{"id":19336,"href":"https:\/\/excursionstaxi.com\/ro\/wp-json\/wp\/v2\/pages\/294\/revisions\/19336"}],"wp:featuredmedia":[{"embeddable":true,"href":"https:\/\/excursionstaxi.com\/ro\/wp-json\/wp\/v2\/media\/17857"}],"wp:attachment":[{"href":"https:\/\/excursionstaxi.com\/ro\/wp-json\/wp\/v2\/media?parent=294"}],"curies":[{"name":"wp","href":"https:\/\/api.w.org\/{rel}","templated":true}]}}